{"id":30087,"date":"2025-07-28T04:17:58","date_gmt":"2025-07-28T04:17:58","guid":{"rendered":"https:\/\/testingwebsites.com.au\/?post_type=product&#038;p=30087"},"modified":"2025-08-23T06:35:07","modified_gmt":"2025-08-23T06:35:07","slug":"ssb7-1800c-a-single-centre-sink-bench-with-pot-undershelf","status":"publish","type":"product","link":"https:\/\/cateringsupplier.com.au\/?product=ssb7-1800c-a-single-centre-sink-bench-with-pot-undershelf","title":{"rendered":"SSB7-1800C\/A Single Centre Sink Bench with Pot Undershelf"},"content":{"rendered":"<div>\n<h3>PRODUCT INFORMATION<\/h3>\n<\/div>\n<div>\u2022 Bowl size 400mmW\u00d7400D\u00d7300H; 90 mm \u00d8 drain hole<br \/>\n\u2022 700 mm deep \u00d7 900 mm high<br \/>\n\u2022 Specially designed for quick &amp; simple assembly<br \/>\n\u2022 Comes with instruction manual &amp; tools<br \/>\n\u2022 Supplied flat-packed for ease of transport<br \/>\n\u2022 4 legs per bench &#8211; 2100 &amp; 2400 mm wide benches have 6 legs<br \/>\n\u2022 1.2 mm S\/S<br \/>\n\u2022 15 mm wet edge<br \/>\n\u2022 Centre bowl positioning<br \/>\n\u2022 Bowls are fully welded, polished inside &amp; out<br \/>\n\u2022 90 mm \u00d8 drain hole<\/div>\n<p>&nbsp;<\/p>\n<div>\n<h3>PRODUCT SPECIFICATIONS<\/h3>\n<\/div>\n<div><strong>Splashbacks<\/strong><br \/>\n\u2022 Stainless Steel backed \u2022\u00a0150\u00a0mm high; 30 mm thick<br \/>\n\u2022 Bevelled \u2022 fully enclosed<br \/>\n<strong>Legs\u00a0<\/strong><br \/>\n\u2022 1.2 mm S\/S; 42 mm \u00d8<br \/>\n\u2022 Fully adjustable S\/S polished disc feet that match the legs perfectly<br \/>\n\u2022 Castor kits available (lockable)<br \/>\n<strong>Benchtops<\/strong><br \/>\n\u2022 1.2 mm material; SUS304 (18\/8)<br \/>\n\u2022 Lined with XPS board, 15 mm thick &amp; S\/S panel<br \/>\n\u2022 Special S\/S \u2018U\u2019 channel reinforcements under\u2022 Ripple Surface<br \/>\n&#8211; As the bench size increases so does the number of channels<br \/>\n<strong>Pot Undershelves<\/strong><br \/>\n\u2022 1.2mm S\/S (18\/8)<br \/>\n\u2022 Outer frame tubes: 38 \u00d8 1.2 mm tube<br \/>\n\u2022 Inner tubes: 25 \u00d8 1 mm tube with 40 mm spacing<\/p>\n<\/div>\n","protected":false},"excerpt":{"rendered":"<ul>\n<li>Brand :\u00a0FED PTY LTD<\/li>\n<li>Model :\u00a0SSB7-1800C\/A<\/li>\n<li>Dimensions :\u00a01800W x 700D x 900H<\/li>\n<li>Weight :\u00a0N\/A<\/li>\n<li>Status :\u00a0Available<\/li>\n<\/ul>\n","protected":false},"featured_media":30132,"comment_status":"open","ping_status":"closed","template":"","meta":[],"product_brand":[76],"product_cat":[131,129],"product_tag":[],"class_list":{"0":"post-30087","1":"product","2":"type-product","3":"status-publish","4":"has-post-thumbnail","6":"product_brand-fed","7":"product_cat-sink-bench","8":"product_cat-stainless-steel","10":"first","11":"instock","12":"sale","13":"shipping-taxable","14":"purchasable","15":"product-type-simple"},"_links":{"self":[{"href":"https:\/\/cateringsupplier.com.au\/index.php?rest_route=\/wp\/v2\/product\/30087","targetHints":{"allow":["GET"]}}],"collection":[{"href":"https:\/\/cateringsupplier.com.au\/index.php?rest_route=\/wp\/v2\/product"}],"about":[{"href":"https:\/\/cateringsupplier.com.au\/index.php?rest_route=\/wp\/v2\/types\/product"}],"replies":[{"embeddable":true,"href":"https:\/\/cateringsupplier.com.au\/index.php?rest_route=%2Fwp%2Fv2%2Fcomments&post=30087"}],"version-history":[{"count":1,"href":"https:\/\/cateringsupplier.com.au\/index.php?rest_route=\/wp\/v2\/product\/30087\/revisions"}],"predecessor-version":[{"id":30133,"href":"https:\/\/cateringsupplier.com.au\/index.php?rest_route=\/wp\/v2\/product\/30087\/revisions\/30133"}],"wp:featuredmedia":[{"embeddable":true,"href":"https:\/\/cateringsupplier.com.au\/index.php?rest_route=\/wp\/v2\/media\/30132"}],"wp:attachment":[{"href":"https:\/\/cateringsupplier.com.au\/index.php?rest_route=%2Fwp%2Fv2%2Fmedia&parent=30087"}],"wp:term":[{"taxonomy":"product_brand","embeddable":true,"href":"https:\/\/cateringsupplier.com.au\/index.php?rest_route=%2Fwp%2Fv2%2Fproduct_brand&post=30087"},{"taxonomy":"product_cat","embeddable":true,"href":"https:\/\/cateringsupplier.com.au\/index.php?rest_route=%2Fwp%2Fv2%2Fproduct_cat&post=30087"},{"taxonomy":"product_tag","embeddable":true,"href":"https:\/\/cateringsupplier.com.au\/index.php?rest_route=%2Fwp%2Fv2%2Fproduct_tag&post=30087"}],"curies":[{"name":"wp","href":"https:\/\/api.w.org\/{rel}","templated":true}]}}