{"id":30149,"date":"2025-07-28T04:18:12","date_gmt":"2025-07-28T04:18:12","guid":{"rendered":"https:\/\/testingwebsites.com.au\/?post_type=product&#038;p=30149"},"modified":"2025-08-23T06:11:22","modified_gmt":"2025-08-23T06:11:22","slug":"f-e-d-ssb6-1500l-a-single-left-sink-bench-with-pot-undershelf","status":"publish","type":"product","link":"https:\/\/cateringsupplier.com.au\/?product=f-e-d-ssb6-1500l-a-single-left-sink-bench-with-pot-undershelf","title":{"rendered":"F.E.D SSB6-1500L\/A Single Left Sink Bench with Pot Undershelf"},"content":{"rendered":"<div>\n<h1>F.E.D SSB6-1500L\/A Single Left Sink Bench with Pot Undershelf<\/h1>\n<\/div>\n<ul>\n<li>Brand :\u00a0FED PTY LTD<\/li>\n<li>Model :\u00a0SSB6-1500L\/A<\/li>\n<li>Dimensions :\u00a01500W x 600D x 900H<\/li>\n<li>Weight :\u00a0N\/A<\/li>\n<li>Status :\u00a0Available<\/li>\n<\/ul>\n<div>\n<h3>PRODUCT SPECIFICATIONS<\/h3>\n<\/div>\n<div>\n<p><strong>Splashbacks<\/strong><\/p>\n<ul>\n<li>Stainless Steel backed \u2022\u00a0150\u00a0mm high; 30 mm thick<\/li>\n<li>Bevelled \u2022 fully enclosed<\/li>\n<\/ul>\n<p><strong>Legs\u00a0<\/strong><\/p>\n<ul>\n<li>1.2 mm S\/S; 42 mm \u00d8<\/li>\n<li>Fully adjustable S\/S polished disc feet that match the legs perfectly<\/li>\n<li>Castor kits available (lockable)<\/li>\n<\/ul>\n<p><strong>Benchtops<\/strong><\/p>\n<ul>\n<li>1.2 mm material; SUS304 (18\/8)<\/li>\n<li>Lined with XPS board, 15 mm thick &amp; S\/S panel<\/li>\n<li>Special S\/S \u2018U\u2019 channel reinforcements under<\/li>\n<li>Ripple Surface<\/li>\n<\/ul>\n<p>&#8211; As the bench size increases so does the number of channels<br \/>\n<strong>Pot Undershelves<\/strong><\/p>\n<ul>\n<li>1.2mm S\/S (18\/8)<\/li>\n<li>Outer frame tubes: 38 \u00d8 1.2 mm tube<\/li>\n<li>Inner tubes: 25 \u00d8 1 mm tube with 40 mm spacing<\/li>\n<\/ul>\n<ul>\n<li>4 legs per bench &#8211; 2100 &amp; 2400 mm wide benches have 6 legs<\/li>\n<li>1.2 mm S\/S<\/li>\n<li>15 mm wet edge<\/li>\n<li>Centre bowl positioning<\/li>\n<li>Bowls are fully welded, polished inside &amp; out<\/li>\n<li>90 mm \u00d8 drain hole<\/li>\n<\/ul>\n<\/div>\n","protected":false},"excerpt":{"rendered":"<ul>\n<li>Bowl size 400mmW\u00d7400D\u00d7300H; 90 mm \u00d8 drain hole<\/li>\n<li>600 mm deep \u00d7 900 mm high<\/li>\n<li>Specially designed for quick &amp; simple assembly<\/li>\n<li>Comes with instruction manual &amp; tools<\/li>\n<li>Supplied flat-packed for ease of transport<\/li>\n<\/ul>\n","protected":false},"featured_media":30134,"comment_status":"open","ping_status":"closed","template":"","meta":[],"product_brand":[76],"product_cat":[131,129],"product_tag":[],"class_list":{"0":"post-30149","1":"product","2":"type-product","3":"status-publish","4":"has-post-thumbnail","6":"product_brand-fed","7":"product_cat-sink-bench","8":"product_cat-stainless-steel","10":"first","11":"instock","12":"sale","13":"shipping-taxable","14":"purchasable","15":"product-type-simple"},"_links":{"self":[{"href":"https:\/\/cateringsupplier.com.au\/index.php?rest_route=\/wp\/v2\/product\/30149","targetHints":{"allow":["GET"]}}],"collection":[{"href":"https:\/\/cateringsupplier.com.au\/index.php?rest_route=\/wp\/v2\/product"}],"about":[{"href":"https:\/\/cateringsupplier.com.au\/index.php?rest_route=\/wp\/v2\/types\/product"}],"replies":[{"embeddable":true,"href":"https:\/\/cateringsupplier.com.au\/index.php?rest_route=%2Fwp%2Fv2%2Fcomments&post=30149"}],"version-history":[{"count":1,"href":"https:\/\/cateringsupplier.com.au\/index.php?rest_route=\/wp\/v2\/product\/30149\/revisions"}],"predecessor-version":[{"id":30181,"href":"https:\/\/cateringsupplier.com.au\/index.php?rest_route=\/wp\/v2\/product\/30149\/revisions\/30181"}],"wp:featuredmedia":[{"embeddable":true,"href":"https:\/\/cateringsupplier.com.au\/index.php?rest_route=\/wp\/v2\/media\/30134"}],"wp:attachment":[{"href":"https:\/\/cateringsupplier.com.au\/index.php?rest_route=%2Fwp%2Fv2%2Fmedia&parent=30149"}],"wp:term":[{"taxonomy":"product_brand","embeddable":true,"href":"https:\/\/cateringsupplier.com.au\/index.php?rest_route=%2Fwp%2Fv2%2Fproduct_brand&post=30149"},{"taxonomy":"product_cat","embeddable":true,"href":"https:\/\/cateringsupplier.com.au\/index.php?rest_route=%2Fwp%2Fv2%2Fproduct_cat&post=30149"},{"taxonomy":"product_tag","embeddable":true,"href":"https:\/\/cateringsupplier.com.au\/index.php?rest_route=%2Fwp%2Fv2%2Fproduct_tag&post=30149"}],"curies":[{"name":"wp","href":"https:\/\/api.w.org\/{rel}","templated":true}]}}